{"id":1847,"date":"2025-10-17T09:39:52","date_gmt":"2025-10-17T09:39:52","guid":{"rendered":"https:\/\/ocriculum.it\/?page_id=1847"},"modified":"2025-10-17T10:03:11","modified_gmt":"2025-10-17T10:03:11","slug":"bibliografia","status":"publish","type":"page","link":"https:\/\/ocriculum.it\/en\/bibliografia\/","title":{"rendered":"Bibliografia"},"content":{"rendered":"<p>[et_pb_section fb_built=&#8221;1&#8243; _builder_version=&#8221;4.27.4&#8243; _module_preset=&#8221;default&#8221; global_colors_info=&#8221;{}&#8221;][et_pb_row _builder_version=&#8221;4.27.4&#8243; _module_preset=&#8221;default&#8221; global_colors_info=&#8221;{}&#8221;][et_pb_column type=&#8221;4_4&#8243; _builder_version=&#8221;4.27.4&#8243; _module_preset=&#8221;default&#8221; global_colors_info=&#8221;{}&#8221;][et_pb_text _builder_version=&#8221;4.27.4&#8243; _module_preset=&#8221;default&#8221; global_colors_info=&#8221;{}&#8221;]<\/p>\n<h1><strong>Bibliografia<\/strong><\/h1>\n<p>[\/et_pb_text][\/et_pb_column][\/et_pb_row][\/et_pb_section][et_pb_section fb_built=&#8221;1&#8243; _builder_version=&#8221;4.27.4&#8243; _module_preset=&#8221;default&#8221; global_colors_info=&#8221;{}&#8221;][et_pb_row _builder_version=&#8221;4.27.4&#8243; _module_preset=&#8221;default&#8221; global_colors_info=&#8221;{}&#8221;][et_pb_column type=&#8221;4_4&#8243; _builder_version=&#8221;4.27.4&#8243; _module_preset=&#8221;default&#8221; global_colors_info=&#8221;{}&#8221;][et_pb_text _builder_version=&#8221;4.27.4&#8243; _module_preset=&#8221;default&#8221; hover_enabled=&#8221;0&#8243; global_colors_info=&#8221;{}&#8221; sticky_enabled=&#8221;0&#8243;]<\/p>\n<h2>per la RIEVOCAZIONE<\/h2>\n<p><strong><\/strong><\/p>\n<p>AA.VV., <em>Il Teatro: 5. La commedia greca e latina<\/em>, Milano, 2003.<\/p>\n<p>AA.VV., <em>L&#8217; alimentazione del mondo antico. I Romani: et\u00e0 imperiale<\/em>, Roma, 1987.<\/p>\n<p>Anzellotti E., <em>La danza nell\u2019antichit\u00e0: Etruschi, Greci e Romani<\/em>, Terni, 2018.<\/p>\n<p>Benelli E., V<em>ita segreta degli antichi romani<\/em>, Roma, 2021.<\/p>\n<p>Buodon-Millot V., <em>Galeno di Pergamo. Un medico greco a Roma<\/em>, Roma, 2020.<\/p>\n<p>Brown P., <em>Societ\u00e0 romana e impero tardo-antico,<\/em> Roma-Bari, 1986.<\/p>\n<p>Capponi S.-Mengozzi B., <em>I <\/em>vigiles<em> dei Cesari: l\u2019organizzazione antincendio nell\u2019antica Roma<\/em>, Roma, 1993.<\/p>\n<p>Carcopino J., <em>La vita quotidiana a Roma<\/em>, Bari, 1984.<\/p>\n<p>Cascarino G., <em>L\u2019esercito romano: armamento e organizzazione. 2: Da Augusto ai Severi<\/em>, Rimini, 2008.<\/p>\n<p>Cascarino G., <em>L\u2019esercito romano: armamento e organizzazione. 3: Dal 2\u00b0 secolo alla fine dell\u2019Impero d\u2019Occidente<\/em>, Rimini, 2009.<\/p>\n<p>Cascarino G., Castra<em>: campi e fortezze dell\u2019esercito romano<\/em>, Rimini, 2010.<\/p>\n<p>Cascarino G., Strategikon<em>: manuale di arte militare dell\u2019Impero Romano d&#8217;Oriente<\/em>, Rimini, 2016.<\/p>\n<p>Cascarino G., <em>Il manuale del legionario romano<\/em>, Rimini, 2017.<\/p>\n<p>Cascarino G., <em>Gli elmi dei Romani: dalle origini alla fine dell\u2019Impero d\u2019Occidente<\/em>, Rimini, 2018.<\/p>\n<p>Cascarino G., <em>La via Flaminia: Roma alla conquista del nord<\/em>, Rimini, 2020.<\/p>\n<p>Clemente G., <em>La riorganizzazione politico-istituzionale da Antonino a Commodo,<\/em> in <em>Storia di Roma<\/em>, vol. II, Torino, 1990.<\/p>\n<p>Croom A.T., <em>Roman clothing and fashion<\/em>, Stroud, 2000.<\/p>\n<p>D\u2019Amato C., <em>La Medicina<\/em>, Roma, 1993.<\/p>\n<p>Francis J., <em>Subversive Virtue: Asceticism and Authority in the Second-Century Pagan World,<\/em> University Park, 1995.<\/p>\n<p>Fraschetti A., <em>Marco Aurelio. La miseria della filosofia,<\/em> Roma-Bari, 2008.<\/p>\n<p>Frediani A., <em>Le grandi battaglie di Roma antica: dalle guerre sannitiche alle invasioni barbariche, i combattimenti e gli contri che hanno avuto per protagonista la Citt\u00e0 Eterna<\/em>, Roma, 1963.<\/p>\n<p>Grant M., <em>La dieta di Galeno. L\u2019alimentazione degli antichi Romani<\/em>, Roma, 2005.<\/p>\n<p>Grant M., <em>The Antonines: The Roman Empire in Transition<\/em>, New York, 1994.<\/p>\n<p>Gregori G.L., Ludi<em> e <\/em>munera<em>: 25 anni di ricerche sugli spettacoli d&#8217;et\u00e0 romana<\/em>, Milano, 2011.<\/p>\n<p>Landels J.G., <em>Music in ancient Greece and Rome<\/em>, London-New York, 2001.<\/p>\n<p>Le Bohec, Y., <em>L&#8217;esercito romano.<\/em> <em>Le armi imperiali da Augusto alla fine del terzo secolo<\/em>, Roma, 1992.<\/p>\n<p>Lo Cascio E. (a cura di), <em>L\u2019impatto della \u201cpeste antonina\u201d &#8211; <\/em><em>Atti del Convegno internazionale 2008<\/em><em>,<\/em> Bari, 2012.<\/p>\n<p>Marcone A., <em>La peste antonina. Testimonianze e interpretazioni,<\/em> in <em>Rivista Storica Italiana<\/em>, 114, 2002, pp. 803-819.<\/p>\n<p>Museo della Civilt\u00e0 Romana, <em>V<\/em><em>ita e costumi dei Romani antichi<\/em>:<\/p>\n<ul>\n<li>Dosi A.-Schnell F., <em>Le abitudini alimentari dei romani<\/em>, Roma, 1986.<\/li>\n<li>Dosi A.-Schnell F., <em>Pasti e vasellame da tavola<\/em>, Roma, 1986.<\/li>\n<li>Dosi A.-Schnell F., <em>I romani in cucina<\/em>, Roma, 1986.<\/li>\n<li>Mancioli, <em>Giochi e spettacolo<\/em>, Roma, 1987.<\/li>\n<li>Liberati A.-Silverio, <em>Organizzazione militare: esercito<\/em>, Roma, 1988.<\/li>\n<li>Pisani Sartorio, <em>Mezzi di trasporto e traffico<\/em>, Roma, 1988.<\/li>\n<li>Virgili<em>, Acconciature e maquillage<\/em>, Roma, 1989.<\/li>\n<li>Balbi De Caro, <em>La banca a Roma<\/em>, Roma, 1989.<\/li>\n<li>Chini, <em>La religione<\/em>, Roma 1990.<\/li>\n<li>ReggianiM., <em>Educazione e scuola<\/em>, Roma 1990.<\/li>\n<li>Vismara, <em>Il supplizio come spettacolo<\/em>, Roma 1990.<\/li>\n<li>Quilici, <em>Le strade. La viabilit\u00e0 tra Roma e Lazio<\/em>, Roma 1990.<\/li>\n<li>GuidobaldiP., <em>Musica e danza<\/em>, Roma, 1992.<\/li>\n<li>Dosi A.-Schnell, <em>Spazio e tempo<\/em>, Roma, 1992.<\/li>\n<li>D\u2019Amato C.,<em> La medicina<\/em>, Roma, 1993.<\/li>\n<li>Invernizzi, <em>Il Calendario<\/em>, Roma, 1994.<\/li>\n<li>Pesando, <em>Libri e biblioteche<\/em>, Roma, 1994.<\/li>\n<li>Salza Prina Ricotti, <em>Giochi e giocattoli<\/em>, Roma, 1995.<\/li>\n<li>RanieriM., <em>I Servizi Pubblici<\/em>, Roma, 1996.<\/li>\n<li>Ruggiero, <em>I luoghi di culto<\/em>, Roma, 1997.<\/li>\n<li>Dosi, <em>Le istituzioni tra monarchia e repubblica<\/em>, Roma, 1999.<\/li>\n<li>Sette, <em>L\u2019abbigliamento<\/em>, Roma, 2000.<\/li>\n<li>Dosi, <em>Gruppi e partiti politici di et\u00e0 repubblicana<\/em>, Roma, 2002.<\/li>\n<li>Dosi, <em>Cos\u00ec votavano i Romani. Il sistema elettorale<\/em>, Roma, 2004.<\/li>\n<li>Levrero, <em>Il diritto e la giustizia<\/em>, Roma, 2004.<\/li>\n<li>Ricci, Orbis in Urbe<em>. Fenomeni migratori nella Roma imperiale<\/em>, Roma, 2005.<\/li>\n<li>Grimaldi Bernardi, <em>Botteghe romane. L\u2019arredamento<\/em>, Roma, 2005.<\/li>\n<li>Ricci, <em>Stranieri illustri e comunit\u00e0 immigrate a Roma. <\/em>Vox diversa populorum, Roma, 2006.<\/li>\n<li>Dosi, Otium<em>. Il tempo libero dei Romani<\/em>, Roma, 2006.<\/li>\n<li>Dosi A., Eros<em>. L\u2019amore in Roma antica<\/em>, Roma, 2008.<\/li>\n<\/ul>\n<p>Penso G., <em>La medicina romana. L\u2019arte di Esculapio nell\u2019antica Roma<\/em>, Noceto, 2002.<\/p>\n<p>Rocconi E., <em>La musica nell\u2019Impero Romano. Testimonianze teoriche e scoperte archeologiche. Atti del secondo convegno annuale di MOISA<\/em>, Pavia, 2010.<\/p>\n<p>Romano E., <em>Medici e filosofi, Letteratura medica e societ\u00e0 alto imperiale<\/em>, Palermo, 1991.<\/p>\n<p>Rossignol B., \u00ab<em>Il avertissait les cit\u00e9s de se m\u00e9fier des pestes, des incendies, des tremblements de terre\u00bb. Crises militaire, frumentaire et sanitaire: les cit\u00e9s de l\u2019Occident au temps de la Peste Antonine<\/em>, in L. Lamoine et alii (\u00e9dd.), <em>G\u00e9rer les territoires, les patrimoines et les crises<\/em>, Clermont-Ferrand, 2012, pp. 451-470.<\/p>\n<p>Rutherford I., <em>Canons of Style in the Antonine Age: Idea-Theory in Its Literary Context,<\/em> New York, 1998.<\/p>\n<p>Salles C., <em>I bassifondi dell\u2019antichit\u00e0<\/em>, Milano, 1984.<\/p>\n<p>Schipp O<em>.,<\/em><em> Die Adoptivkaiser. Nerva, Trajan, Hadrian, Antoninus Pius, Marc Aurel, Lucius Verus und Commodus,<\/em> Darmstad, 2011.<\/p>\n<p>Sebesta J.L.-Bonfante L., <em>The world of Roman costume<\/em>, Madison, 1994.<\/p>\n<p>Stertz S. A., <em>Marcus Aurelius as Ideal Emperor in Late-Antique Greek Thought<\/em>, in<em> The Classical World,<\/em> vol. 70, n. 7, 1977, pp. 433\u2013439.<\/p>\n<p><strong><u>\u00a0<\/u><\/strong><\/p>\n<p>Laboratorio annuale \u201cIpotesi di danza dell\u2019antica Roma\u201d di Anna Cirigliano.<\/p>\n<p>&nbsp;<\/p>\n<p>AA.VV., <em>La danza romana<\/em> (<a href=\"https:\/\/www.romanoimpero.com\/2010\/01\/la-danza.html\">https:\/\/www.romanoimpero.com\/2010\/01\/la-danza.html<\/a>).<\/p>\n<p>Sammarco N., <em>Roma la storia della danza <\/em>nell\u2019antichit\u00e0 (<a href=\"https:\/\/www.storiadelladanza.it\/roma-la-storia-della-danza-nella-antichita\/\">https:\/\/www.storiadelladanza.it\/roma-la-storia-della-danza-nella-antichita\/<\/a>).<\/p>\n<p>[\/et_pb_text][\/et_pb_column][\/et_pb_row][\/et_pb_section][et_pb_section fb_built=&#8221;1&#8243; _builder_version=&#8221;4.27.4&#8243; _module_preset=&#8221;default&#8221; global_colors_info=&#8221;{}&#8221;][et_pb_row _builder_version=&#8221;4.27.4&#8243; _module_preset=&#8221;default&#8221; global_colors_info=&#8221;{}&#8221;][et_pb_column type=&#8221;4_4&#8243; _builder_version=&#8221;4.27.4&#8243; _module_preset=&#8221;default&#8221; global_colors_info=&#8221;{}&#8221;][et_pb_text _builder_version=&#8221;4.27.4&#8243; _module_preset=&#8221;default&#8221; hover_enabled=&#8221;0&#8243; global_colors_info=&#8221;{}&#8221; sticky_enabled=&#8221;0&#8243;]<\/p>\n<h2>su OCRICULUM<\/h2>\n<p>&nbsp;<\/p>\n<p>Angelelli C.-Cenciaioli L., <em>I disegni panniniani del mosaico delle terme di Otricoli: una vicenda travagliata<\/em>, in <em>AISCOM, Atti del XXIII Colloquio<\/em>, Roma, 2018, pp. 37-47.<\/p>\n<p>Antonelli G., <em>Spatial planning and architectural innovation in the Roman town of <\/em>Ocriculum, in <em>Journal of Sustainable Architecture and Civil Engineering<\/em>, 22(1), Kaunas, 2018, pp. 11-26.<\/p>\n<p>Antonelli G., <em>Ocriculum (TR). Le terme di <\/em>Ocriculum<em>: innovazione architettonica e persistenza urbanistica<\/em>, in Medri M.-Pizzo A. (a cura di), <em>Le terme pubbliche nell\u2019Italia romana (II sec. a.C.-fine IV d.C.). Architettura, tecnologia e societ\u00e0<\/em>, Roma, 2019, pp. 266-285.<\/p>\n<p>Antonelli G., <em>La carta archeologica di <\/em>Ocriculum, Tesi di Dottorato, Roma 2021.<\/p>\n<p>Antonelli G., <em>La citt\u00e0 terrazzata di <\/em>Ocriculum<em>: adeguamenti dell\u2019uomo, adattamenti alla natura e persistenti infrastrutture<\/em>, in Carbotti F., Gangale Risoleo D., Iacopini E., Pizzimenti F., Raimondo I. (ed.), <em>Landscape 3: una sintesi di elementi diacronici. Uomo e ambiente nel mondo antico: un equilibrio possibile<\/em>, Oxford, 2023, pp. 15-29.<\/p>\n<p>Antonelli G., <em>Abitare un pendio tra due corsi d\u2019acqua: le soluzioni architettoniche e urbanistiche dell\u2019impianto monumentale di <\/em>Ocriculum, in Trivelloni I., Canino D., Roman\u00ed Sala N. (a cura di), <em>Il paesaggio edificato, Adattamenti, imprevisti, strategie e soluzioni costruttive nel mondo antico<\/em>, Roma, 2024, pp. 37-50.<\/p>\n<p>Antonelli, <em>Considerazioni preliminari sull\u2019impianto policentrico della citt\u00e0 di Otricoli<\/em>, in G. D\u2019Alessio G., De Nisi S., Felici C., Gangale Risoleo D., Pesce S., Raimondo I. (a cura di), <em>Landscape 4: una sintesi di elementi diacronici. Pianificazione e mondo antico: tra i dogmi del passato e le interpretazioni recenti<\/em>, Bicester, 2025, pp. 28-37.<\/p>\n<p>Bertacchini M.-Cenciaioli L., <em>Uno sguardo sulla citt\u00e0 romana di Ocriculum (Umbria, Italy)<\/em>, in <em>Il Quaternario<\/em>, 16(2), 2003, pp. 207-216.<\/p>\n<p>Bertacchini M.-Cenciaioli L., <em>The past and the present of the roman town of <\/em>Ocriculum<em> (Umbria)<\/em>, in Coarelli F.-Patterson H., <em>Mercator Placidissimus. <\/em><em>The Tiber Valley in Antiquity<\/em>, Roma, 2008, pp. 837-847.<\/p>\n<p>Betti F., <em>Maestranze longobarde nel \u201ccorridoio Bizantino\u201d umbro: i cibori di S. Salvatore di Amelia e della collegiata di Otricoli<\/em>, in Pedone S., Paribeni A., <em>\u00abDi Bisanzio dirai ci\u00f2 che \u00e8 passato, ci\u00f2 che passa e che sar\u00e0\u00bb Scritti in onore di Alessandra Guiglia<\/em>, Roma, 2018, pp. 517-530.<\/p>\n<p>Betti F., <em>Dall\u2019acropoli al <\/em>castrum<em>. Studio storico della Collegiata di Otricoli dall\u2019antichit\u00e0 al medioevo<\/em>, Roma, 2020.<\/p>\n<p>Bisconti F., <em>La scena degli \u00abagnelli alla croce\u00bb nella mensa paleocristiana di Otricoli<\/em>, in Binazzi G. (a cura di), <em>L\u2019Umbria meridionale fra tardo-antico e altomedioevo<\/em>, Terni, 1995, pp. 153-164.<\/p>\n<p>Boldetti M.A., <em>Osservazioni sopra i cimiterj de santi martiri ed antichi cristiani di Roma<\/em>, Roma, 1720.<\/p>\n<p>Bonomi Ponzi L.-Ermini Pani L.-Giontella C., <em>L\u2019Umbria meridionale dalla protostoria all\u2019alto Medioevo<\/em>, Terni, 1995.<\/p>\n<p>Branchetti M.G., <em>Otricoli. Santa Maria Assunta collegiata insigne<\/em>, Foligno,2017.<\/p>\n<p>Caldelli M.L., <em>Nuovo peso iscritto da Otricoli<\/em>, in <em>Epigrapohica<\/em>, LVI, 1994, pp. 200-210.<\/p>\n<p>Cancellieri F., <em>Memorie di San Medico martire e cittadino di Otricoli<\/em>, Roma, 1812.<\/p>\n<p>Cenciaioli L., <em>Ocriculum. Guida ai monumenti della citt\u00e0 antica<\/em>, Umbertide, 2000.<\/p>\n<p>Cenciaioli L., <em>Il territorio di Otricoli tra Umbri e Sabini<\/em>, in <em>Annali della Fondazione per il Museo \u201cClaudio Faina\u201d<\/em>, VIII, 2001, pp. 293-318.<\/p>\n<p>Cenciaioli L. (a cura di), <em>Un museo per Otricoli. L\u2019antiquarium di Casale San Fulgenzio<\/em>, Perugia, 2006.<\/p>\n<p>Cenciaioli L., <em>Otricoli: nuove ricerche e acquisizioni della Soprintendenza per i Beni Archeologici dell\u2019Umbria<\/em>, in Coarelli F.-Patterson H., <em>Mercator Placidissimus. The Tiber Valley in Antiquity<\/em>, Roma, 2008, pp. 811-835.<\/p>\n<p>Cenciaioli L., <em>Otricoli<\/em>, in Bravi A. (a cura di), <em>Aurea Umbria. Una regione dell\u2019impero nell\u2019era di Costantino<\/em>, Viterbo, 2012<\/p>\n<p>Cenciaioli L., <em>Otricoli. Le terme di <\/em>Iulius Iulianus<em>. Nuovi dati per la ricostruzione del mosaico della sala ottagonale<\/em>, in <em>AISCOM, Atti del XVII Colloquio<\/em>, Tivoli, 2012, pp. 169-177.<\/p>\n<p>Cenciaioli L., <em>Nuovi scavi a Otricoli lungo la via <\/em>Flaminia, in Luni M.-Mei O., Forum Sempronii<em> II. La citt\u00e0 e la <\/em>Flaminia<em>: 1974-2013<\/em>, Urbino, 2013, pp. 273-285.<\/p>\n<p>Cipollone M.-Lippolis E., <em>Le mura di Otricoli<\/em>, in <em>Studi in onore di Filippo Magi<\/em>, Perugia, 1979, pp. 57-75.<\/p>\n<p>Climinti E., <em>Otricoli. Storia, Archeologia, Turismo<\/em>, Roma, 1997.<\/p>\n<p>Climinti E., <em>La Rocca di Otricoli. Ricognizione e descrizione delle strutture esistenti e notizie storiche<\/em>, Castiglione della Pescaia, 2003.<\/p>\n<p>Colonna G., <em>L\u2019iscrizione del biconico di Uppsala<\/em>, in <em>Incontro di studi in memoria di Massimo Pallottino<\/em>, Pisa-Roma, 1999, pp. 19-29.<\/p>\n<p>Colosi F.-Costantini A., <em>La Sabina tiberina in epoca romana. Ricognizioni nel territorio tra Otricoli e Magliano Sabina<\/em>, Roma, 2017.<\/p>\n<p>Dareggi G., <em>Una terracotta architettonica da Otricoli: qualche considerazione sul centro preromano<\/em>, in <em>M\u00e9langes de l&#8217;Ecole Fran\u00e7aise de Rome (MEFRA)<\/em>, 90(2), 1978, pp. 627-635.<\/p>\n<p>Dareggi G., <em>Il ciclo statuario della \u201cBasilica\u201d di Otricoli. La fase Giulio-Claudia<\/em>, in <em>Bollettino d\u2019arte<\/em>, 67, 1982, pp. 1-36.<\/p>\n<p>De Angelis P., <em>Otricoli nella storia<\/em>, Terni, 1997.<\/p>\n<p>De Rubertis R., <em>Rilievi archeologici in Umbria<\/em>, Napoli, 2011.<\/p>\n<p>Diosono F., <em>Il commercio del legname sul fiume Tevere<\/em>, in Coarelli F.-Patterson H., Mercator Placidissimus. <em>The Tiber Valley in Antiquity<\/em>, Roma, 2008, pp. 251-283.<\/p>\n<p>Filippi G., <em>Ocriculana<\/em>, in <em>Scritti di archeologia e storia dell\u2019arte in onore di Carlo Pietrangeli<\/em>, Roma, 1996, pp. 73-93, 312-317.<\/p>\n<p>Filippi G.-Pecciarelli M., <em>Materiali protostorici dalla Sabina tiberina. L\u2019et\u00e0 del bronzo e la prima et\u00e0 del ferro tra il Farfa e il Nera<\/em>, Magliano Sabina, 1991.<\/p>\n<p>Gatti G., <em>Iscrizioni onorarie rinvenute nel territorio dell\u2019antica citt\u00e0<\/em>, in <em>Notizie di Scavi dell\u2019Antichit\u00e0<\/em>, 1898, pp. 405-407.<\/p>\n<p>Gregori G. L., <em>Un nuovo magistrato di Ocriculum (Umbria): <\/em>C. Litrius Cluvianus Passer, in <em>Epigraphica<\/em>, LXXXI, 2019, pp. 666-669.<\/p>\n<p>Hay S.-Keay S.-Millet M., <em>Ocriculum (Otricoli, Umbria). An archaeological survey of the Roman town<\/em>, London, 2013.<\/p>\n<p>Martelli G., <em>Una delle chiese pi\u00f9 antiche dell\u2019Umbria meridionale: Santa Maria di Otricoli<\/em>, in <em>Atti del XIV Congresso di Storia dell\u2019Architettura (Brescia, Mantova, Cremona 1965)<\/em>, Roma, 1972, pp. 199-215.<\/p>\n<p>Menichini M., <em>Il teatro romano di<\/em> Ocriculum<em>: un&#8217;ipotesi di ricostruzione della<\/em> scaenae frons, in <em>Archeologia Classic<\/em>, \u00a0LXVII, 2016 pp. 593-612.<\/p>\n<p>Mocerino C., <em>Nuove testimonianze epigrafiche dall\u2019antica <\/em>Ocriculum<em> (Otricoli-TR)<\/em>, in <em>Epigraphica<\/em>, LXXIV, 2012, pp. 406-411.<\/p>\n<p>Mocerino C., <em>Nuovi bolli inediti da <\/em>Ocriculum<em> e un raro esemplare delle figline dei <\/em>Laecani, in <em>Epigraphica<\/em>, LXXVI, 2014, pp. 467-485.<\/p>\n<p>Mocerino C., <em>Nuovi dati epigrafici e commerciali su un\u2019anfora Pascual 1 Laietana della produzione dei <\/em>Cornelii<em> rinvenuta ad <\/em>Ocriculum<em> (Otricoli-TR)<\/em>, in <em>SECAH, Boletin 06\/abril<\/em>, 15, Madrid 2015, pp. 14-17.<\/p>\n<p>Mocerino C., <em>Un <\/em>situlus<em> di bronzo con marchio da Otricoli (Terni)<\/em>, in <em>Sylloge Epigraphica Barcinonensis (SEBarc)<\/em>, XIII, 2015, pp. 229-236.<\/p>\n<p>Mocerino C., <em>Nuovi dati epigrafici ed archeologici sulla figlina di <\/em>Iunius Paulinus<em> ad Ocriculum<\/em>, in <em>Epigraphica<\/em>, LXXVIII, 2016, pp. 411-429.<\/p>\n<p>Morretta S<em>., Note iconografiche sulla scena di \u201cUlisse legato all\u2019albero della nave\u201d nel mosaico delle terme di Otricoli (Terni)<\/em>, in <em>AISCOM. Atti del X Colloquio<\/em>, Tivoli, 2005, pp. 401-412.<\/p>\n<p>Piantoni F., <em>Gli archivi del Capitolo della collegiata e della parrocchia di S. Maria Assunta di Otricoli e fondi aggregati<\/em>, Perugia, 2017.<\/p>\n<p>Pietrangeli C., <em>Note di epigrafica otricolana<\/em>, in <em>Epigraphica<\/em>, III, 1941, pp. 136-159.<\/p>\n<p>Pietrangeli C., <em>Monumenti paleocristiani di Otricoli<\/em>, in <em>Rivista di Archeologia Cristiana<\/em>, XVIII, 1-2, pp. 265-275.<\/p>\n<p>Pietrangeli C., <em>Lo scavo pontificio di Otricoli<\/em>, in <em>Rendiconti della Pontificia Accademia Romana di Archeologia<\/em>, XIX, 1942-1943, pp. 47-104.<\/p>\n<p>Pietrangeli C., <em>Ocriculum (Otricoli)<\/em>, Roma, 1943.<\/p>\n<p>Pietrangeli C., <em>Scavi e scoperte di antichit\u00e0 sotto il pontificato di Pio VI<\/em>, Roma, 1958.<\/p>\n<p>Pietrangeli C. <em>Otricoli. Un lembo dell\u2019Umbria alle porte di Roma<\/em>, Roma, 1978.<\/p>\n<p>Pietrangeli C., <em>Monumenti paleocristiani di Otricoli<\/em>, in Quacquerelli A. (a cura di), <em>Il Paleocristiano in Bassa Sabina. Magliano Sabina, 27 maggio 1978: Giornata dei Beni Culturali<\/em>, Roma, 1980, pp. 29-275.<\/p>\n<p>Rossi Caponeri M.-David E. (a cura di),<em> Il Tevere a Otricoli. Vita e fede sulle rive del fiume<\/em>, Viterbo, 2012.<\/p>\n<p>Stefani E., <em>Avanzi di et\u00e0 romana scoperti a Colle Rampo e nelle localit\u00e0 Palombara e Civitella, ed oggetti di suppellettile funebre preromana rinvenuti nel fondo Lupacchini, dove si estendeva l&#8217;antica necropoli<\/em>, in <em>Notizie di Scavi dell\u2019Antichit\u00e0<\/em>, 1909, pp. 278-291.<\/p>\n<p>Stefani E., <em>Scoperta di un antico sepolcro nella contrada \u201cCerqua Cupa\u201d<\/em>, in <em>Notizie di Scavi dell\u2019Antichit\u00e0<\/em>, 1929, pp. 259-260.<\/p>\n<p>[\/et_pb_text][\/et_pb_column][\/et_pb_row][\/et_pb_section][et_pb_section fb_built=&#8221;1&#8243; _builder_version=&#8221;4.27.4&#8243; _module_preset=&#8221;default&#8221; global_colors_info=&#8221;{}&#8221;][et_pb_row _builder_version=&#8221;4.27.4&#8243; _module_preset=&#8221;default&#8221; global_colors_info=&#8221;{}&#8221;][et_pb_column type=&#8221;4_4&#8243; _builder_version=&#8221;4.27.4&#8243; _module_preset=&#8221;default&#8221; global_colors_info=&#8221;{}&#8221;][et_pb_text _builder_version=&#8221;4.27.4&#8243; _module_preset=&#8221;default&#8221; hover_enabled=&#8221;0&#8243; global_colors_info=&#8221;{}&#8221; sticky_enabled=&#8221;0&#8243;]<\/p>\n<h2>FONTI STORICHE<\/h2>\n<p>&nbsp;<\/p>\n<p>Aulus Cornelius Celsus, <em>De Medicina<\/em>.<\/p>\n<p>Caius Iulius Caesar, <em>Commentarii de bello Gallico<\/em>.<\/p>\n<p>Lucius Claudius Cassius Dio Cocceianus, <em>Storia romana<\/em>.<\/p>\n<p>Historia Augusta, <em>Storia romana<\/em>.<\/p>\n<p>\u1f29\u03c1\u1ff3\u03b4\u03b9\u03b1\u03bd\u03cc\u03c2 (Herodian\u00f2s, <em>Hdn<\/em>), <em>Storia dell&#8217;impero dopo Marco Aurelio<\/em>.<\/p>\n<p>Titus Flavius Iosephus,<em> \u1f39\u03c3\u03c4\u03bf\u03c1\u03af\u03b1 \u0399\u03bf\u03c5\u03b4\u03b1\u03ca\u03ba\u03bf\u1fe6 \u03c0\u03bf\u03bb\u03ad\u03bc\u03bf\u03c5 \u03c0\u03c1\u1f78\u03c2 \u1fec\u03c9\u03bc\u03b1\u03af\u03bf\u03c5\u03c2<\/em>.<\/p>\n<p>Titus Livius<span>, <em>Ab Urbe condita<\/em>.<\/span><\/p>\n<p>Titus Maccius Plautus, <em>Aulularia<\/em> <em>(La pentola del tesoro): riduzione in 2 parti di <\/em>Peppino De Filippo<em> da una traduzione di <\/em>Giulio Pacuvio<em>. L\u2019avarissimo (Euclione \u201957)<\/em>, Roma 1958.<\/p>\n<p><span>\u03a0\u03bf\u03bb\u03cd\u03b2\u03b9\u03bf\u03c2<\/span>\u00a0(Pol\u00fdbios), <em>Historiae<\/em>.<\/p>\n<p>Publius \/Gaius Cornelius Tacitus, <em>Annales<\/em>.<\/p>\n<p>Publius Vegetius Renatus,<em> Epitoma rei militaris<\/em>.<\/p>\n<p>[\/et_pb_text][\/et_pb_column][\/et_pb_row][\/et_pb_section][et_pb_section fb_built=&#8221;1&#8243; _builder_version=&#8221;4.27.4&#8243; _module_preset=&#8221;default&#8221; global_colors_info=&#8221;{}&#8221;][et_pb_row _builder_version=&#8221;4.27.4&#8243; _module_preset=&#8221;default&#8221; global_colors_info=&#8221;{}&#8221;][et_pb_column type=&#8221;4_4&#8243; _builder_version=&#8221;4.27.4&#8243; _module_preset=&#8221;default&#8221; global_colors_info=&#8221;{}&#8221;][et_pb_text _builder_version=&#8221;4.27.4&#8243; _module_preset=&#8221;default&#8221; hover_enabled=&#8221;0&#8243; global_colors_info=&#8221;{}&#8221; sticky_enabled=&#8221;0&#8243;]<\/p>\n<h2>PUBBLICAZIONI DELL\u2019ASSOCIAZIONE<\/h2>\n<p>&nbsp;<\/p>\n<p>Antonelli G. (a cura di), Carsulae <em>e<\/em> Ocriculum<em>, tra archeologia e rievocazione<\/em>, Terni, 2023.<\/p>\n<p>[\/et_pb_text][\/et_pb_column][\/et_pb_row][\/et_pb_section]<\/p>\n","protected":false},"excerpt":{"rendered":"<p>Bibliografiaper la RIEVOCAZIONE AA.VV., Il Teatro: 5. La commedia greca e latina, Milano, 2003. AA.VV., L&#8217; alimentazione del mondo antico. I Romani: et\u00e0 imperiale, Roma, 1987. Anzellotti E., La danza nell\u2019antichit\u00e0: Etruschi, Greci e Romani, Terni, 2018. Benelli E., Vita segreta degli antichi romani, Roma, 2021. Buodon-Millot V., Galeno di Pergamo. Un medico greco a [&hellip;]<\/p>\n","protected":false},"author":1,"featured_media":0,"parent":0,"menu_order":0,"comment_status":"closed","ping_status":"closed","template":"","meta":{"_et_pb_use_builder":"on","_et_pb_old_content":"","_et_gb_content_width":"","footnotes":""},"class_list":["post-1847","page","type-page","status-publish","hentry"],"aioseo_notices":[],"_links":{"self":[{"href":"https:\/\/ocriculum.it\/en\/wp-json\/wp\/v2\/pages\/1847","targetHints":{"allow":["GET"]}}],"collection":[{"href":"https:\/\/ocriculum.it\/en\/wp-json\/wp\/v2\/pages"}],"about":[{"href":"https:\/\/ocriculum.it\/en\/wp-json\/wp\/v2\/types\/page"}],"author":[{"embeddable":true,"href":"https:\/\/ocriculum.it\/en\/wp-json\/wp\/v2\/users\/1"}],"replies":[{"embeddable":true,"href":"https:\/\/ocriculum.it\/en\/wp-json\/wp\/v2\/comments?post=1847"}],"version-history":[{"count":4,"href":"https:\/\/ocriculum.it\/en\/wp-json\/wp\/v2\/pages\/1847\/revisions"}],"predecessor-version":[{"id":1855,"href":"https:\/\/ocriculum.it\/en\/wp-json\/wp\/v2\/pages\/1847\/revisions\/1855"}],"wp:attachment":[{"href":"https:\/\/ocriculum.it\/en\/wp-json\/wp\/v2\/media?parent=1847"}],"curies":[{"name":"wp","href":"https:\/\/api.w.org\/{rel}","templated":true}]}}