{"id":3,"date":"2022-03-17T14:10:46","date_gmt":"2022-03-17T14:10:46","guid":{"rendered":"https:\/\/ocriculum.it\/?page_id=3"},"modified":"2022-04-21T10:09:02","modified_gmt":"2022-04-21T10:09:02","slug":"privacy-policy","status":"publish","type":"page","link":"https:\/\/ocriculum.it\/en\/privacy-policy\/","title":{"rendered":"Privacy Policy"},"content":{"rendered":"<p>[et_pb_section fb_built=&#8221;1&#8243; admin_label=&#8221;section&#8221; _builder_version=&#8221;4.16&#8243; global_colors_info=&#8221;{}&#8221;][et_pb_row admin_label=&#8221;row&#8221; _builder_version=&#8221;4.16&#8243; background_size=&#8221;initial&#8221; background_position=&#8221;top_left&#8221; background_repeat=&#8221;repeat&#8221; global_colors_info=&#8221;{}&#8221;][et_pb_column type=&#8221;4_4&#8243; _builder_version=&#8221;4.16&#8243; custom_padding=&#8221;|||&#8221; global_colors_info=&#8221;{}&#8221; custom_padding__hover=&#8221;|||&#8221;][et_pb_text _builder_version=&#8221;4.17.1&#8243; _module_preset=&#8221;default&#8221; header_4_font=&#8221;|700|||||||&#8221; header_2_font=&#8221;|700|||||||&#8221; header_2_line_height=&#8221;1.9em&#8221; hover_enabled=&#8221;0&#8243; sticky_enabled=&#8221;0&#8243;]<\/p>\n<h2 class=\"p1\">PRIVACY POLICY<\/h2>\n<h4 class=\"p1\">I \u2013 PREMESSA<\/h4>\n<p class=\"p1\">il nostro sito web \u00e8: https:\/\/<strong><span class=\"s1\">www.ocriculum.it<\/span><\/strong><\/p>\n<p class=\"p1\">La presente informativa ha valore anche ai fini dell\u2019art. 13 del D.lgs. n. 196\/2003, Codice in materia di protezione dei dati personali, e ai fini dell\u2019art. 13 del Regolamento UE n. 2016\/679, relativo alla protezione delle persone fisiche con riguardo al trattamento dei dati personali nonch\u00e9 alla libera circolazione di tali dati, per i soggetti che interagiscono con il presente sito.<\/p>\n<p class=\"p1\">Scopo del presente documento \u00e8 fornire indicazioni circa le modalit\u00e0, i tempi e la natura delle informazioni che i titolari del trattamento devono fornire agli utenti al momento della connessione alla pagina web.<\/p>\n<p class=\"p1\">L\u2019informativa pu\u00f2 subire modifiche a causa dell\u2019introduzione di nuove norme al riguardo, si invita, pertanto, l\u2019utente a controllare periodicamente la presente pagina.<\/p>\n<h4 class=\"p1\"><\/h4>\n<h4 class=\"p1\">II \u2013 TRATTAMENTO DEI DATI<\/h4>\n<p class=\"p1\">Il titolare del trattamento \u00e8 <strong><span class=\"s1\">Associazione Culturale Ocriculum<\/span><\/strong>, il quale potr\u00e0 essere contattato, per ogni chiarimento o esercizio dei diritti, al seguente indirizzo mail: <strong>associazione.ocriculum@gmail.com<\/strong><\/p>\n<p class=\"p1\">Il trattamento dei dati generato dall\u2019utilizzo della pagina web avviene presso la sede della suddetta societ\u00e0 sita in <strong>Via Flaminia, 3 <\/strong><span>05030 Otricoli (Tr)<\/span><\/p>\n<h4 class=\"p1\"><\/h4>\n<h4 class=\"p1\">III \u2013 COOKIES<\/h4>\n<p class=\"p1\">Un cookie \u00e8 un semplice file di testo che viene archiviato sul tuo computer o dispositivo mobile dal server di un sito web e solo quel server sar\u00e0 in grado di recuperare o leggere il contenuto di quel cookie. Ogni cookie \u00e8 unico per il tuo browser. Conterr\u00e0 alcune informazioni anonime come un identificativo univoco e il nome del sito e alcune cifre e numeri. Consente a un sito Web di ricordare cose come le tue preferenze o cosa c\u2019\u00e8 nel carrello.<\/p>\n<p class=\"p1\">Alcune persone trovano l\u2019idea di un sito web che memorizza informazioni sul proprio computer o dispositivo mobile un po\u2019 \u2018invadente, in particolare quando queste informazioni vengono archiviate e utilizzate da terzi senza che lo sappiano. Anche se questo \u00e8 generalmente abbastanza innocuo, ad esempio, potresti non voler vedere pubblicit\u00e0 mirata ai tuoi interessi. Se preferisci, \u00e8 possibile bloccare alcuni o tutti i cookie, o anche eliminare i cookie che sono gi\u00e0 stati impostati; ma devi essere consapevole che potresti perdere alcune funzioni di quel sito web.<\/p>\n<p class=\"p1\">Non vendiamo le informazioni raccolte dai nostri cookie, n\u00e9 divulghiamo le informazioni a terzi, tranne dove richiesto dalla legge (ad esempio a enti governativi e forze dell\u2019ordine).<\/p>\n<p class=\"p1\">Se non si desidera ricevere i cookie, \u00e8 possibile modificare il browser in modo da avvisare l\u2019utente quando i cookie vengono inviati o \u00e8 possibile rifiutare del tutto i cookie. Puoi anche eliminare i cookie che sono gi\u00e0 stati impostati. Se desideri limitare o bloccare i cookie del browser Web impostati sul tuo dispositivo, puoi farlo attraverso le impostazioni del browser; la funzione di aiuto nel tuo browser dovrebbe dirti come. In alternativa, potresti visitare www.aboutcookies.org , che contiene informazioni complete su come eseguire questa operazione su una vasta gamma di browser desktop.<\/p>\n<h4 class=\"p1\"><\/h4>\n<h4 class=\"p1\">IV \u2013 DATI TRATTATI<\/h4>\n<p class=\"p1\">Come tutti i siti web anche il presente sito fa uso di log files nei quali vengono conservate informazioni raccolte in maniera automatizzata durante le visite degli utenti. Le informazioni raccolte potrebbero essere le seguenti:<\/p>\n<p class=\"p1\">\u2013 indirizzo internet protocol (IP);<br \/>\u2013 tipo di browser e parametri del dispositivo usato per connettersi al sito;<br \/>\u2013 nome dell\u2019internet service provider (ISP);<br \/>\u2013 data e orario di visita;<br \/>\u2013 pagina web di provenienza del visitatore (referal) e di uscita;<br \/>\u2013 il numero di click.<\/p>\n<p class=\"p1\">Le suddette informazioni sono test rate in forma automatizzata e raccolte in forma esclusivamente aggregata al fine di verificare il corretto funzionamento del sito e per motivi di sicurezza. Tali informazioni saranno test rate in base ai legittimi interessi del titolare.<\/p>\n<p class=\"p1\">Ai fini di sicurezza (filtri anti-spam, firewall, rilevazione virus) i dati registrati automaticamente possono eventualmente comprendere anche dati personali come l\u2019indirizzo IP, che potrebbe essere utilizzato, conformemente alle leggi vigenti in materia, a fine di bloccare tentativi di danneggiamento al sito medesimo o di recare danno ad altri utenti o attivit\u00e0 dannose o costituenti reato. Tali dati non sono mai utilizzati per l\u2019identificazione o la profilazione dell\u2019utente, ma solo ai fini di tutela del sito e dei suoi utenti, tali informazioni saranno usate in base ai legittimi interessi del titolare.<\/p>\n<p class=\"p1\">Qualora il sito consenta l\u2019inserimento di commenti, oppure in caso di specifici servizi richiesti dall\u2019utente, ivi compresi la possibilit\u00e0 di inviare il Curriculum Vitae per un eventuale rapporto lavorativo, il sito rileva automaticamente e registra alcuni dati identificativi dell\u2019utente, compreso l\u2019indirizzo mail. Tali dati si intendono volontariamente forniti dall\u2019utente al momento della richiesta di erogazione del servizio. Inserendo un commento o altra informazione l\u2019utente accetta espressamente l\u2019informativa privacy e, in particolare, acconsente che i contenuti inseriti siano liberamente diffusi anche a terzi. I dati ricevuti verranno utilizzati esclusivamente per l\u2019erogazione del servizio richiesto e per il solo tempo necessario per la fornitura del servizio<\/p>\n<p class=\"p1\">Le informazioni che gli utenti del sito riterranno di rendere pubbliche tramite i servizi e gli strumenti messi a disposizione degli stessi, sono fornite dall\u2019utente consapevolmente e volontariamente, esentando il presente sito da qualsiasi responsabilit\u00e0 in merito ad eventuali violazioni delle leggi. Spetta all\u2019utente verificare di avere i permessi per l\u2019immissione di dati personali di terzi o di contenuti tutelati dalle norme nazionali ed internazionali.<\/p>\n<p class=\"p1\">I dati raccolti dal sito durante il suo funzionamento sono utilizzati esclusivamente per le finalit\u00e0 sopra indicate e conservati per il tempo strettamente necessario a svolgere le attivit\u00e0 precisate e, comunque, non oltre 2 anni.<\/p>\n<p class=\"p1\">I dati utilizzati ai fini di sicurezza (blocco tentativi di danneggiamento del sito) sono conservati per il tempo strettamente necessario al raggiungimento del fine anteriormente indicato.<\/p>\n<p class=\"p1\">Come sopra indicato, l\u2019invio facoltativo, esplicito e volontario di posta elettronica agli indirizzi indicate su questo sito comporta la successive acquisizione dell\u2019indirizzo del mittente, necessario per rispondere alle richieste, nonch\u00e9 degli eventuali altri dati personali inseriti nella missiva.<\/p>\n<p class=\"p1\">\n<h4 class=\"p1\">V \u2013 DIRITTI DELL\u2019UTENTE<\/h4>\n<p class=\"p1\">L\u2019<strong>art. 13 co. 2 del Regolamento UE del 2016\/679<\/strong> elenca i diritti dell\u2019utente.<\/p>\n<p class=\"p1\">Il presente sito intende, pertanto, informare l\u2019utente sull\u2019esistenza:<\/p>\n<p class=\"p1\">\u2013 del diritto dell\u2019interessato di chiedere al titolare l\u2019accesso ai dati personali (art. 15 Regolamento UE), il loro aggiornamento (art. 7, co. 3, lett. a del D.lgs 196\/2003), la rettifica (art. 16 Regolamento UE), l\u2019integrazione (art. 7, co. 3 lett. a D.lgs 196\/2003), la limitazione del trattamento che lo riguardino (art. 18 Regolamento<\/p>\n<p class=\"p1\">UE) o di opporsi, per motivi legittimi, al loro trattamento (art. 21 Regolamento UE), oltre al diritto alla portabilit\u00e0 dei dati (art. 20 Regolamento UE);<\/p>\n<p class=\"p1\">\u2013 del diritto di chiedere la cancellazione (art. 17 Regolamento UE), la trasformazione in forma anonima o il blocco dei dati trattati in violazione di legge, compresi quelli di cui non \u00e8 necessaria la conservazione in relazione agli scopi per i quali i dati sono stati raccolti o successivamente trattati (art. 7 co. 3, lett. b del D.lgs. 196\/2003);<\/p>\n<p class=\"p1\">\u2013 del diritto di ottenere l\u2019attestazione che le operazioni di aggiornamento, rettificazione, integrazione dei dati, cancellazione, blocco dei dati, trasformazione, sono state portate a conoscenza, anche per quanto riguarda il loro contenuto, di coloro ai quali i dati sono stati comunicati o diffusi, eccettuato il caso in cui tale adempimento si rivela impossibile o comporta un impiego di mezzi manifestamente sproporzionato rispetto al diritto tutelato (art. 7 co. 3, lett. c del D.lgs 196\/2003).<\/p>\n<p class=\"p1\">Le richieste possono essere indirizzate al titolare del trattamento al suo indirizzo email summenzionato (senza formalit\u00e0) oppure utilizzando il modello previsto dal Garante per la protezione dei dati personali.<\/p>\n<p class=\"p1\">Qualora il trattamento sia basato sull\u2019art. 6 paragrafo 1 lettera a \u2013 consenso espresso all\u2019utilizzo \u2013 oppure sull\u2019art. 9 paragrafo 2 lettera a \u2013 consenso espresso all\u2019utilizzo di dati genetici, biometrici, relativi alla salute, che rivelino convinzioni religiose, filosofiche o appartenenza sindacale, che rivelino l\u2019origine razziale o etnica, le opinioni politiche \u2013 l\u2019utente ha il diritto di revocare il consenso in qualsiasi momento senza pregiudicare la liceit\u00e0 del trattamento basata sul consenso prestato prima della revoca.<\/p>\n<p class=\"p1\">Parimenti, in caso di violazione della normativa, l\u2019utente ha il diritto di proporre reclamo presso il Garante per la Protezione dei Dati Personali, quale autorit\u00e0 preposta al controllo sul trattamento nello Stato italiano.<\/p>\n<p class=\"p1\">Per una disamina pi\u00f9 approfondita dei diritti che Le competono, si vedano gli artt. 15 e ss. Del Regolamento UE 2016\/679 e l\u2019art. 7 del D.lgs. 196\/2003.<\/p>\n<p class=\"p1\">\n<p class=\"p1\"><strong>VI \u2013 SICUREZZA DEI DATI FORNITI<\/strong><\/p>\n<p class=\"p1\">Il presente sito tratta i dati degli utenti in maniera lecita e corretta, adottando le opportune misure di sicurezza volte ad impedire accessi non autorizzati, divulgazione, modifica o distruzione non autorizzata dei dati. Il trattamento viene effettuato mediante strumenti informatici e\/o telematici, con modalit\u00e0 organizzative e con logiche strettamente correlate alle finalit\u00e0 indicate.<\/p>\n<p class=\"p1\">\n<p class=\"p1\"><strong>VI \u2013 MODIFICHE AL PRESENTE DOCUMENTO<\/strong><\/p>\n<p class=\"p1\">Il presente documento costituisce la privacy policy di questo sito.<\/p>\n<p class=\"p1\">Esso pu\u00f2 essere soggetto a modifiche o aggiornamenti. Qualora si tratti di modifiche e aggiornamenti rilevanti questi saranno segnalati con apposite notifiche agli utenti.<\/p>\n<p>[\/et_pb_text][\/et_pb_column][\/et_pb_row][\/et_pb_section]<\/p>\n","protected":false},"excerpt":{"rendered":"<p>PRIVACY POLICY I \u2013 PREMESSA il nostro sito web \u00e8: https:\/\/www.ocriculum.it La presente informativa ha valore anche ai fini dell\u2019art. 13 del D.lgs. n. 196\/2003, Codice in materia di protezione dei dati personali, e ai fini dell\u2019art. 13 del Regolamento UE n. 2016\/679, relativo alla protezione delle persone fisiche con riguardo al trattamento dei dati [&hellip;]<\/p>\n","protected":false},"author":1,"featured_media":0,"parent":0,"menu_order":0,"comment_status":"closed","ping_status":"open","template":"","meta":{"_et_pb_use_builder":"on","_et_pb_old_content":"<!-- wp:heading --><h2>Who we are<\/h2><!-- \/wp:heading --><!-- wp:paragraph --><p><strong class=\"privacy-policy-tutorial\">Suggested text: <\/strong>Our website address is: https:\/\/ocriculum.it.<\/p><!-- \/wp:paragraph --><!-- wp:heading --><h2>Comments<\/h2><!-- \/wp:heading --><!-- wp:paragraph --><p><strong class=\"privacy-policy-tutorial\">Suggested text: <\/strong>When visitors leave comments on the site we collect the data shown in the comments form, and also the visitor&#8217;s IP address and browser user agent string to help spam detection.<\/p><!-- \/wp:paragraph --><!-- wp:paragraph --><p>An anonymized string created from your email address (also called a hash) may be provided to the Gravatar service to see if you are using it. The Gravatar service privacy policy is available here: https:\/\/automattic.com\/privacy\/. After approval of your comment, your profile picture is visible to the public in the context of your comment.<\/p><!-- \/wp:paragraph --><!-- wp:heading --><h2>Media<\/h2><!-- \/wp:heading --><!-- wp:paragraph --><p><strong class=\"privacy-policy-tutorial\">Suggested text: <\/strong>If you upload images to the website, you should avoid uploading images with embedded location data (EXIF GPS) included. Visitors to the website can download and extract any location data from images on the website.<\/p><!-- \/wp:paragraph --><!-- wp:heading --><h2>Cookies<\/h2><!-- \/wp:heading --><!-- wp:paragraph --><p><strong class=\"privacy-policy-tutorial\">Suggested text: <\/strong>If you leave a comment on our site you may opt-in to saving your name, email address and website in cookies. These are for your convenience so that you do not have to fill in your details again when you leave another comment. These cookies will last for one year.<\/p><!-- \/wp:paragraph --><!-- wp:paragraph --><p>If you visit our login page, we will set a temporary cookie to determine if your browser accepts cookies. This cookie contains no personal data and is discarded when you close your browser.<\/p><!-- \/wp:paragraph --><!-- wp:paragraph --><p>When you log in, we will also set up several cookies to save your login information and your screen display choices. Login cookies last for two days, and screen options cookies last for a year. If you select &quot;Remember Me&quot;, your login will persist for two weeks. If you log out of your account, the login cookies will be removed.<\/p><!-- \/wp:paragraph --><!-- wp:paragraph --><p>If you edit or publish an article, an additional cookie will be saved in your browser. This cookie includes no personal data and simply indicates the post ID of the article you just edited. It expires after 1 day.<\/p><!-- \/wp:paragraph --><!-- wp:heading --><h2>Embedded content from other websites<\/h2><!-- \/wp:heading --><!-- wp:paragraph --><p><strong class=\"privacy-policy-tutorial\">Suggested text: <\/strong>Articles on this site may include embedded content (e.g. videos, images, articles, etc.). Embedded content from other websites behaves in the exact same way as if the visitor has visited the other website.<\/p><!-- \/wp:paragraph --><!-- wp:paragraph --><p>These websites may collect data about you, use cookies, embed additional third-party tracking, and monitor your interaction with that embedded content, including tracking your interaction with the embedded content if you have an account and are logged in to that website.<\/p><!-- \/wp:paragraph --><!-- wp:heading --><h2>Who we share your data with<\/h2><!-- \/wp:heading --><!-- wp:paragraph --><p><strong class=\"privacy-policy-tutorial\">Suggested text: <\/strong>If you request a password reset, your IP address will be included in the reset email.<\/p><!-- \/wp:paragraph --><!-- wp:heading --><h2>How long we retain your data<\/h2><!-- \/wp:heading --><!-- wp:paragraph --><p><strong class=\"privacy-policy-tutorial\">Suggested text: <\/strong>If you leave a comment, the comment and its metadata are retained indefinitely. This is so we can recognize and approve any follow-up comments automatically instead of holding them in a moderation queue.<\/p><!-- \/wp:paragraph --><!-- wp:paragraph --><p>For users that register on our website (if any), we also store the personal information they provide in their user profile. All users can see, edit, or delete their personal information at any time (except they cannot change their username). Website administrators can also see and edit that information.<\/p><!-- \/wp:paragraph --><!-- wp:heading --><h2>What rights you have over your data<\/h2><!-- \/wp:heading --><!-- wp:paragraph --><p><strong class=\"privacy-policy-tutorial\">Suggested text: <\/strong>If you have an account on this site, or have left comments, you can request to receive an exported file of the personal data we hold about you, including any data you have provided to us. You can also request that we erase any personal data we hold about you. This does not include any data we are obliged to keep for administrative, legal, or security purposes.<\/p><!-- \/wp:paragraph --><!-- wp:heading --><h2>Where we send your data<\/h2><!-- \/wp:heading --><!-- wp:paragraph --><p><strong class=\"privacy-policy-tutorial\">Suggested text: <\/strong>Visitor comments may be checked through an automated spam detection service.<\/p><!-- \/wp:paragraph -->","_et_gb_content_width":"","footnotes":""},"class_list":["post-3","page","type-page","status-publish","hentry"],"aioseo_notices":[],"_links":{"self":[{"href":"https:\/\/ocriculum.it\/en\/wp-json\/wp\/v2\/pages\/3","targetHints":{"allow":["GET"]}}],"collection":[{"href":"https:\/\/ocriculum.it\/en\/wp-json\/wp\/v2\/pages"}],"about":[{"href":"https:\/\/ocriculum.it\/en\/wp-json\/wp\/v2\/types\/page"}],"author":[{"embeddable":true,"href":"https:\/\/ocriculum.it\/en\/wp-json\/wp\/v2\/users\/1"}],"replies":[{"embeddable":true,"href":"https:\/\/ocriculum.it\/en\/wp-json\/wp\/v2\/comments?post=3"}],"version-history":[{"count":2,"href":"https:\/\/ocriculum.it\/en\/wp-json\/wp\/v2\/pages\/3\/revisions"}],"predecessor-version":[{"id":1156,"href":"https:\/\/ocriculum.it\/en\/wp-json\/wp\/v2\/pages\/3\/revisions\/1156"}],"wp:attachment":[{"href":"https:\/\/ocriculum.it\/en\/wp-json\/wp\/v2\/media?parent=3"}],"curies":[{"name":"wp","href":"https:\/\/api.w.org\/{rel}","templated":true}]}}